{"id":373,"date":"2025-11-29T18:44:28","date_gmt":"2025-11-29T17:44:28","guid":{"rendered":"https:\/\/roli.wordpresswizard.pl\/?page_id=373"},"modified":"2026-01-30T07:23:04","modified_gmt":"2026-01-30T06:23:04","slug":"o-nas","status":"publish","type":"page","link":"https:\/\/roli.wordpresswizard.pl\/?page_id=373","title":{"rendered":"KIM-JESTESMY"},"content":{"rendered":"\t\t<div data-elementor-type=\"wp-page\" data-elementor-id=\"373\" class=\"elementor elementor-373\">\n\t\t\t\t\t\t<section class=\"elementor-section elementor-top-section elementor-element elementor-element-f4lt1kq elementor-section-content-middle elementor-section-boxed elementor-section-height-default elementor-section-height-default wpr-particle-no wpr-jarallax-no wpr-parallax-no wpr-sticky-section-no\" data-id=\"f4lt1kq\" data-element_type=\"section\" data-settings=\"{&quot;background_background&quot;:&quot;classic&quot;}\">\n\t\t\t\t\t\t<div class=\"elementor-container elementor-column-gap-no\">\n\t\t\t\t\t<div class=\"elementor-column elementor-col-50 elementor-top-column elementor-element elementor-element-9230439\" data-id=\"9230439\" data-element_type=\"column\">\n\t\t\t<div class=\"elementor-widget-wrap elementor-element-populated\">\n\t\t\t\t\t\t<div class=\"elementor-element elementor-element-a07bd8d elementor-widget elementor-widget-image\" data-id=\"a07bd8d\" data-element_type=\"widget\" data-widget_type=\"image.default\">\n\t\t\t\t\t\t\t\t\t\t\t\t\t\t\t<img fetchpriority=\"high\" decoding=\"async\" width=\"454\" height=\"522\" src=\"https:\/\/roli.wordpresswizard.pl\/wp-content\/uploads\/2025\/11\/pobrane-14.png\" class=\"attachment-medium_large size-medium_large wp-image-389\" alt=\"\" srcset=\"https:\/\/roli.wordpresswizard.pl\/wp-content\/uploads\/2025\/11\/pobrane-14.png 454w, https:\/\/roli.wordpresswizard.pl\/wp-content\/uploads\/2025\/11\/pobrane-14-261x300.png 261w\" sizes=\"(max-width: 454px) 100vw, 454px\" \/>\t\t\t\t\t\t\t\t\t\t\t\t\t\t\t<\/div>\n\t\t\t\t\t<\/div>\n\t\t<\/div>\n\t\t\t\t<div class=\"elementor-column elementor-col-50 elementor-top-column elementor-element elementor-element-6dd492b\" data-id=\"6dd492b\" data-element_type=\"column\">\n\t\t\t<div class=\"elementor-widget-wrap elementor-element-populated\">\n\t\t\t\t\t\t<div class=\"elementor-element elementor-element-c9a7b00 elementor-widget elementor-widget-heading\" data-id=\"c9a7b00\" data-element_type=\"widget\" data-widget_type=\"heading.default\">\n\t\t\t\t\t<h1 class=\"elementor-heading-title elementor-size-default\">Dowiedz si\u0119 wiecej o nas <\/h1>\t\t\t\t<\/div>\n\t\t\t\t<div class=\"elementor-element elementor-element-494b65d elementor-widget elementor-widget-text-editor\" data-id=\"494b65d\" data-element_type=\"widget\" data-widget_type=\"text-editor.default\">\n\t\t\t\t\t\t\t\t\t<p>W tym panelu dowiesz si\u0119 jak powstali\u015bmy , historia naszej dzia\u0142alno\u015bci oraz co planujemy w pszysz\u0142osci.<\/p>\t\t\t\t\t\t\t\t<\/div>\n\t\t\t\t<div class=\"elementor-element elementor-element-2b2bdd5 elementor-align-center elementor-widget elementor-widget-button\" data-id=\"2b2bdd5\" data-element_type=\"widget\" data-widget_type=\"button.default\">\n\t\t\t\t\t\t\t\t\t\t<a class=\"elementor-button elementor-button-link elementor-size-sm\" href=\"#\">\n\t\t\t\t\t\t<span class=\"elementor-button-content-wrapper\">\n\t\t\t\t\t\t\t\t\t<span class=\"elementor-button-text\">Zapisz si\u0119 ju\u017c teraz<\/span>\n\t\t\t\t\t<\/span>\n\t\t\t\t\t<\/a>\n\t\t\t\t\t\t\t\t<\/div>\n\t\t\t\t\t<\/div>\n\t\t<\/div>\n\t\t\t\t\t<\/div>\n\t\t<\/section>\n\t\t\t\t<section class=\"elementor-section elementor-top-section elementor-element elementor-element-0636l6x elementor-section-content-top elementor-section-height-min-height elementor-section-boxed elementor-section-height-default elementor-section-items-middle wpr-particle-no wpr-jarallax-no wpr-parallax-no wpr-sticky-section-no\" data-id=\"0636l6x\" data-element_type=\"section\" data-settings=\"{&quot;background_background&quot;:&quot;classic&quot;}\">\n\t\t\t\t\t\t\t<div class=\"elementor-background-overlay\"><\/div>\n\t\t\t\t\t\t\t<div class=\"elementor-container elementor-column-gap-no\">\n\t\t\t\t\t<div class=\"elementor-column elementor-col-100 elementor-top-column elementor-element elementor-element-fd3d3a5\" data-id=\"fd3d3a5\" data-element_type=\"column\">\n\t\t\t<div class=\"elementor-widget-wrap elementor-element-populated\">\n\t\t\t\t\t\t<div class=\"elementor-element elementor-element-4b7c71d elementor-widget elementor-widget-heading\" data-id=\"4b7c71d\" data-element_type=\"widget\" data-widget_type=\"heading.default\">\n\t\t\t\t\t<h1 class=\"elementor-heading-title elementor-size-default\">Nasza Historia<\/h1>\t\t\t\t<\/div>\n\t\t\t\t\t<\/div>\n\t\t<\/div>\n\t\t\t\t\t<\/div>\n\t\t<\/section>\n\t\t<div class=\"elementor-element elementor-element-4ae6176 e-flex e-con-boxed wpr-particle-no wpr-jarallax-no wpr-parallax-no wpr-sticky-section-no e-con e-parent\" data-id=\"4ae6176\" data-element_type=\"container\">\n\t\t\t\t\t<div class=\"e-con-inner\">\n\t\t\t\t<div class=\"elementor-element elementor-element-1856d09 elementor-widget elementor-widget-text-editor\" data-id=\"1856d09\" data-element_type=\"widget\" data-widget_type=\"text-editor.default\">\n\t\t\t\t\t\t\t\t\t<p data-start=\"198\" data-end=\"529\">Esports Cup powsta\u0142 z prostej idei \u2014 stworzy\u0107 miejsce, w kt\u00f3rym pasja do gier \u0142\u0105czy ludzi, a rywalizacja staje si\u0119 prawdziwym prze\u017cyciem. Nasza firma od lat dzia\u0142a w bran\u017cy IT, wi\u0119c naturalnym krokiem by\u0142o po\u0142\u0105czenie technologii, infrastruktury oraz esportu w jeden projekt, kt\u00f3ry wyniesie lokaln\u0105 scen\u0119 gamingow\u0105 na wy\u017cszy poziom.<\/p><p data-start=\"531\" data-end=\"831\">Zaczynali\u015bmy od ma\u0142ych turniej\u00f3w i lokalnych spotka\u0144, w kt\u00f3rych brali udzia\u0142 pasjonaci gier z ca\u0142ej okolicy. Z czasem rosn\u0105ce zainteresowanie oraz pozytywny feedback uczestnik\u00f3w zmotywowa\u0142y nas, by p\u00f3j\u015b\u0107 krok dalej \u2014 tak narodzi\u0142 si\u0119 <strong data-start=\"765\" data-end=\"780\">Esports Cup<\/strong>, projekt tworzony z my\u015bl\u0105 o graczach i dla graczy.<\/p><p data-start=\"833\" data-end=\"900\">Dzi\u015b odpowiadamy za pe\u0142ne przygotowanie i prowadzenie wydarzenia:<\/p><ul data-start=\"901\" data-end=\"1108\"><li data-start=\"901\" data-end=\"939\"><p data-start=\"903\" data-end=\"939\"><strong data-start=\"903\" data-end=\"936\">techniczne zaplecze turniej\u00f3w<\/strong>,<\/p><\/li><li data-start=\"940\" data-end=\"989\"><p data-start=\"942\" data-end=\"989\"><strong data-start=\"942\" data-end=\"986\">zarz\u0105dzanie sprz\u0119tem i infrastruktur\u0105 IT<\/strong>,<\/p><\/li><li data-start=\"990\" data-end=\"1021\"><p data-start=\"992\" data-end=\"1021\"><strong data-start=\"992\" data-end=\"1018\">organizacj\u0119 transmisji<\/strong>,<\/p><\/li><li data-start=\"1022\" data-end=\"1047\"><p data-start=\"1024\" data-end=\"1047\"><strong data-start=\"1024\" data-end=\"1044\">obs\u0142ug\u0119 serwer\u00f3w<\/strong>,<\/p><\/li><li data-start=\"1048\" data-end=\"1108\"><p data-start=\"1050\" data-end=\"1108\"><strong data-start=\"1050\" data-end=\"1107\">tworzenie atmosfery prawdziwej esportowej rywalizacji<\/strong>.<\/p><\/li><\/ul><p data-start=\"1110\" data-end=\"1293\">Nasz\u0105 misj\u0105 jest rozw\u00f3j polskiej sceny esportowej, wspieranie m\u0142odych talent\u00f3w i budowanie miejsca, w kt\u00f3rym ka\u017cdy \u2014 niezale\u017cnie od poziomu \u2014 mo\u017ce poczu\u0107 smak profesjonalnych zawod\u00f3w.<\/p><p data-start=\"1295\" data-end=\"1388\">Esports Cup to dla nas co\u015b wi\u0119cej ni\u017c projekt.<br data-start=\"1341\" data-end=\"1344\" \/>To spo\u0142eczno\u015b\u0107, kt\u00f3r\u0105 tworzymy razem z Wami.<\/p>\t\t\t\t\t\t\t\t<\/div>\n\t\t\t\t\t<\/div>\n\t\t\t\t<\/div>\n\t\t\t\t<\/div>\n\t\t","protected":false},"excerpt":{"rendered":"<p>Dowiedz si\u0119 wiecej o nas W tym panelu dowiesz si\u0119 jak powstali\u015bmy , historia naszej dzia\u0142alno\u015bci oraz co planujemy w pszysz\u0142osci. Zapisz si\u0119 ju\u017c teraz Nasza Historia Esports Cup powsta\u0142 z prostej idei \u2014 stworzy\u0107 miejsce, w kt\u00f3rym pasja do gier \u0142\u0105czy ludzi, a rywalizacja staje si\u0119 prawdziwym prze\u017cyciem. Nasza firma od lat dzia\u0142a w bran\u017cy IT, wi\u0119c naturalnym krokiem by\u0142o po\u0142\u0105czenie technologii, infrastruktury oraz esportu w jeden projekt, kt\u00f3ry wyniesie lokaln\u0105 scen\u0119 gamingow\u0105 na wy\u017cszy poziom. Zaczynali\u015bmy od ma\u0142ych turniej\u00f3w i lokalnych spotka\u0144, w kt\u00f3rych brali udzia\u0142 pasjonaci gier z ca\u0142ej okolicy. Z czasem rosn\u0105ce zainteresowanie oraz pozytywny feedback uczestnik\u00f3w zmotywowa\u0142y nas, by p\u00f3j\u015b\u0107 krok dalej \u2014 tak narodzi\u0142 si\u0119 Esports Cup, projekt tworzony z my\u015bl\u0105 o graczach i dla graczy. Dzi\u015b odpowiadamy za pe\u0142ne przygotowanie i prowadzenie wydarzenia: techniczne zaplecze turniej\u00f3w, zarz\u0105dzanie sprz\u0119tem i infrastruktur\u0105 IT, organizacj\u0119 transmisji, obs\u0142ug\u0119 serwer\u00f3w, tworzenie atmosfery prawdziwej esportowej rywalizacji. Nasz\u0105 misj\u0105 jest rozw\u00f3j polskiej sceny esportowej, wspieranie m\u0142odych talent\u00f3w i budowanie miejsca, w kt\u00f3rym ka\u017cdy \u2014 niezale\u017cnie od poziomu \u2014 mo\u017ce poczu\u0107 smak profesjonalnych zawod\u00f3w. Esports Cup to dla nas co\u015b wi\u0119cej ni\u017c projekt.To spo\u0142eczno\u015b\u0107, kt\u00f3r\u0105 tworzymy razem z Wami.<\/p>\n","protected":false},"author":2,"featured_media":0,"parent":0,"menu_order":0,"comment_status":"closed","ping_status":"closed","template":"","meta":{"_eb_attr":"","site-sidebar-layout":"no-sidebar","site-content-layout":"","ast-site-content-layout":"full-width-container","site-content-style":"default","site-sidebar-style":"default","ast-global-header-display":"","ast-banner-title-visibility":"","ast-main-header-display":"","ast-hfb-above-header-display":"","ast-hfb-below-header-display":"","ast-hfb-mobile-header-display":"","site-post-title":"","ast-breadcrumbs-content":"","ast-featured-img":"disabled","footer-sml-layout":"","theme-transparent-header-meta":"","adv-header-id-meta":"","stick-header-meta":"","header-above-stick-meta":"","header-main-stick-meta":"","header-below-stick-meta":"","astra-migrate-meta-layouts":"default","ast-page-background-enabled":"default","ast-page-background-meta":{"desktop":{"background-color":"var(--ast-global-color-5)","background-image":"","background-repeat":"repeat","background-position":"center center","background-size":"auto","background-attachment":"scroll","background-type":"","background-media":"","overlay-type":"","overlay-color":"","overlay-opacity":"","overlay-gradient":""},"tablet":{"background-color":"","background-image":"","background-repeat":"repeat","background-position":"center center","background-size":"auto","background-attachment":"scroll","background-type":"","background-media":"","overlay-type":"","overlay-color":"","overlay-opacity":"","overlay-gradient":""},"mobile":{"background-color":"","background-image":"","background-repeat":"repeat","background-position":"center center","background-size":"auto","background-attachment":"scroll","background-type":"","background-media":"","overlay-type":"","overlay-color":"","overlay-opacity":"","overlay-gradient":""}},"ast-content-background-meta":{"desktop":{"background-color":"var(--ast-global-color-4)","background-image":"","background-repeat":"repeat","background-position":"center center","background-size":"auto","background-attachment":"scroll","background-type":"","background-media":"","overlay-type":"","overlay-color":"","overlay-opacity":"","overlay-gradient":""},"tablet":{"background-color":"var(--ast-global-color-4)","background-image":"","background-repeat":"repeat","background-position":"center center","background-size":"auto","background-attachment":"scroll","background-type":"","background-media":"","overlay-type":"","overlay-color":"","overlay-opacity":"","overlay-gradient":""},"mobile":{"background-color":"var(--ast-global-color-4)","background-image":"","background-repeat":"repeat","background-position":"center center","background-size":"auto","background-attachment":"scroll","background-type":"","background-media":"","overlay-type":"","overlay-color":"","overlay-opacity":"","overlay-gradient":""}},"footnotes":""},"class_list":["post-373","page","type-page","status-publish","hentry"],"_links":{"self":[{"href":"https:\/\/roli.wordpresswizard.pl\/index.php?rest_route=\/wp\/v2\/pages\/373","targetHints":{"allow":["GET"]}}],"collection":[{"href":"https:\/\/roli.wordpresswizard.pl\/index.php?rest_route=\/wp\/v2\/pages"}],"about":[{"href":"https:\/\/roli.wordpresswizard.pl\/index.php?rest_route=\/wp\/v2\/types\/page"}],"author":[{"embeddable":true,"href":"https:\/\/roli.wordpresswizard.pl\/index.php?rest_route=\/wp\/v2\/users\/2"}],"replies":[{"embeddable":true,"href":"https:\/\/roli.wordpresswizard.pl\/index.php?rest_route=%2Fwp%2Fv2%2Fcomments&post=373"}],"version-history":[{"count":13,"href":"https:\/\/roli.wordpresswizard.pl\/index.php?rest_route=\/wp\/v2\/pages\/373\/revisions"}],"predecessor-version":[{"id":717,"href":"https:\/\/roli.wordpresswizard.pl\/index.php?rest_route=\/wp\/v2\/pages\/373\/revisions\/717"}],"wp:attachment":[{"href":"https:\/\/roli.wordpresswizard.pl\/index.php?rest_route=%2Fwp%2Fv2%2Fmedia&parent=373"}],"curies":[{"name":"wp","href":"https:\/\/api.w.org\/{rel}","templated":true}]}}